{"id":2715,"date":"2016-09-02T09:07:21","date_gmt":"2016-09-02T09:07:21","guid":{"rendered":"http:\/\/demo.goodlayers.com\/realfactory\/?page_id=2715"},"modified":"2024-04-24T11:30:30","modified_gmt":"2024-04-24T11:30:30","slug":"actualidad","status":"publish","type":"page","link":"https:\/\/tecnages.com\/en\/actualidad\/","title":{"rendered":"Actualidad"},"content":{"rendered":"","protected":false},"excerpt":{"rendered":"","protected":false},"author":1,"featured_media":0,"parent":0,"menu_order":0,"comment_status":"closed","ping_status":"closed","template":"","meta":{"footnotes":""},"class_list":["post-2715","page","type-page","status-publish","hentry"],"yoast_head":"<!-- This site is optimized with the Yoast SEO plugin v25.3.1 - https:\/\/yoast.com\/wordpress\/plugins\/seo\/ -->\n<title>Actualidad - Tecnages<\/title>\n<meta name=\"description\" content=\"\u00a1Mantente al d\u00eda con las \u00faltimas noticias en el mundo de la asesor\u00eda y gesti\u00f3n empresarial! Descubre m\u00e1s en nuestra p\u00e1gina de actualidad.\" \/>\n<meta name=\"robots\" content=\"index, follow, max-snippet:-1, max-image-preview:large, max-video-preview:-1\" \/>\n<link rel=\"canonical\" href=\"https:\/\/tecnages.com\/en\/actualidad\/\" \/>\n<meta property=\"og:locale\" content=\"en_US\" \/>\n<meta property=\"og:type\" content=\"article\" \/>\n<meta property=\"og:title\" content=\"Actualidad - Tecnages\" \/>\n<meta property=\"og:description\" content=\"\u00a1Mantente al d\u00eda con las \u00faltimas noticias en el mundo de la asesor\u00eda y gesti\u00f3n empresarial! Descubre m\u00e1s en nuestra p\u00e1gina de actualidad.\" \/>\n<meta property=\"og:url\" content=\"https:\/\/tecnages.com\/en\/actualidad\/\" \/>\n<meta property=\"og:site_name\" content=\"Tecnages\" \/>\n<meta property=\"article:modified_time\" content=\"2024-04-24T11:30:30+00:00\" \/>\n<meta name=\"twitter:card\" content=\"summary_large_image\" \/>\n<meta name=\"twitter:label1\" content=\"Est. reading time\" \/>\n\t<meta name=\"twitter:data1\" content=\"2 minutes\" \/>\n<script type=\"application\/ld+json\" class=\"yoast-schema-graph\">{\"@context\":\"https:\/\/schema.org\",\"@graph\":[{\"@type\":\"WebPage\",\"@id\":\"https:\/\/tecnages.com\/actualidad\/\",\"url\":\"https:\/\/tecnages.com\/actualidad\/\",\"name\":\"Actualidad - Tecnages\",\"isPartOf\":{\"@id\":\"https:\/\/tecnages.com\/#website\"},\"datePublished\":\"2016-09-02T09:07:21+00:00\",\"dateModified\":\"2024-04-24T11:30:30+00:00\",\"description\":\"\u00a1Mantente al d\u00eda con las \u00faltimas noticias en el mundo de la asesor\u00eda y gesti\u00f3n empresarial! Descubre m\u00e1s en nuestra p\u00e1gina de actualidad.\",\"breadcrumb\":{\"@id\":\"https:\/\/tecnages.com\/actualidad\/#breadcrumb\"},\"inLanguage\":\"en-US\",\"potentialAction\":[{\"@type\":\"ReadAction\",\"target\":[\"https:\/\/tecnages.com\/actualidad\/\"]}]},{\"@type\":\"BreadcrumbList\",\"@id\":\"https:\/\/tecnages.com\/actualidad\/#breadcrumb\",\"itemListElement\":[{\"@type\":\"ListItem\",\"position\":1,\"name\":\"Tecnagest\",\"item\":\"https:\/\/tecnages.com\/\"},{\"@type\":\"ListItem\",\"position\":2,\"name\":\"Actualidad\"}]},{\"@type\":\"WebSite\",\"@id\":\"https:\/\/tecnages.com\/#website\",\"url\":\"https:\/\/tecnages.com\/\",\"name\":\"Tecnages\",\"description\":\"\",\"potentialAction\":[{\"@type\":\"SearchAction\",\"target\":{\"@type\":\"EntryPoint\",\"urlTemplate\":\"https:\/\/tecnages.com\/?s={search_term_string}\"},\"query-input\":{\"@type\":\"PropertyValueSpecification\",\"valueRequired\":true,\"valueName\":\"search_term_string\"}}],\"inLanguage\":\"en-US\"}]}<\/script>\n<!-- \/ Yoast SEO plugin. -->","yoast_head_json":{"title":"Actualidad - Tecnages","description":"\u00a1Mantente al d\u00eda con las \u00faltimas noticias en el mundo de la asesor\u00eda y gesti\u00f3n empresarial! Descubre m\u00e1s en nuestra p\u00e1gina de actualidad.","robots":{"index":"index","follow":"follow","max-snippet":"max-snippet:-1","max-image-preview":"max-image-preview:large","max-video-preview":"max-video-preview:-1"},"canonical":"https:\/\/tecnages.com\/en\/actualidad\/","og_locale":"en_US","og_type":"article","og_title":"Actualidad - Tecnages","og_description":"\u00a1Mantente al d\u00eda con las \u00faltimas noticias en el mundo de la asesor\u00eda y gesti\u00f3n empresarial! Descubre m\u00e1s en nuestra p\u00e1gina de actualidad.","og_url":"https:\/\/tecnages.com\/en\/actualidad\/","og_site_name":"Tecnages","article_modified_time":"2024-04-24T11:30:30+00:00","twitter_card":"summary_large_image","twitter_misc":{"Est. reading time":"2 minutes"},"schema":{"@context":"https:\/\/schema.org","@graph":[{"@type":"WebPage","@id":"https:\/\/tecnages.com\/actualidad\/","url":"https:\/\/tecnages.com\/actualidad\/","name":"Actualidad - Tecnages","isPartOf":{"@id":"https:\/\/tecnages.com\/#website"},"datePublished":"2016-09-02T09:07:21+00:00","dateModified":"2024-04-24T11:30:30+00:00","description":"\u00a1Mantente al d\u00eda con las \u00faltimas noticias en el mundo de la asesor\u00eda y gesti\u00f3n empresarial! Descubre m\u00e1s en nuestra p\u00e1gina de actualidad.","breadcrumb":{"@id":"https:\/\/tecnages.com\/actualidad\/#breadcrumb"},"inLanguage":"en-US","potentialAction":[{"@type":"ReadAction","target":["https:\/\/tecnages.com\/actualidad\/"]}]},{"@type":"BreadcrumbList","@id":"https:\/\/tecnages.com\/actualidad\/#breadcrumb","itemListElement":[{"@type":"ListItem","position":1,"name":"Tecnagest","item":"https:\/\/tecnages.com\/"},{"@type":"ListItem","position":2,"name":"Actualidad"}]},{"@type":"WebSite","@id":"https:\/\/tecnages.com\/#website","url":"https:\/\/tecnages.com\/","name":"Tecnages","description":"","potentialAction":[{"@type":"SearchAction","target":{"@type":"EntryPoint","urlTemplate":"https:\/\/tecnages.com\/?s={search_term_string}"},"query-input":{"@type":"PropertyValueSpecification","valueRequired":true,"valueName":"search_term_string"}}],"inLanguage":"en-US"}]}},"_links":{"self":[{"href":"https:\/\/tecnages.com\/en\/wp-json\/wp\/v2\/pages\/2715","targetHints":{"allow":["GET"]}}],"collection":[{"href":"https:\/\/tecnages.com\/en\/wp-json\/wp\/v2\/pages"}],"about":[{"href":"https:\/\/tecnages.com\/en\/wp-json\/wp\/v2\/types\/page"}],"author":[{"embeddable":true,"href":"https:\/\/tecnages.com\/en\/wp-json\/wp\/v2\/users\/1"}],"replies":[{"embeddable":true,"href":"https:\/\/tecnages.com\/en\/wp-json\/wp\/v2\/comments?post=2715"}],"version-history":[{"count":5,"href":"https:\/\/tecnages.com\/en\/wp-json\/wp\/v2\/pages\/2715\/revisions"}],"predecessor-version":[{"id":5992,"href":"https:\/\/tecnages.com\/en\/wp-json\/wp\/v2\/pages\/2715\/revisions\/5992"}],"wp:attachment":[{"href":"https:\/\/tecnages.com\/en\/wp-json\/wp\/v2\/media?parent=2715"}],"curies":[{"name":"wp","href":"https:\/\/api.w.org\/{rel}","templated":true}]}}