{"id":2039,"date":"2017-08-11T14:25:44","date_gmt":"2017-08-11T14:25:44","guid":{"rendered":"http:\/\/demo.goodlayers.com\/infinite\/?page_id=2039"},"modified":"2024-04-23T11:10:37","modified_gmt":"2024-04-23T11:10:37","slug":"inicio","status":"publish","type":"page","link":"https:\/\/tecnages.com\/en\/","title":{"rendered":"Inicio"},"content":{"rendered":"","protected":false},"excerpt":{"rendered":"","protected":false},"author":1,"featured_media":0,"parent":0,"menu_order":0,"comment_status":"closed","ping_status":"closed","template":"","meta":{"footnotes":""},"class_list":["post-2039","page","type-page","status-publish","hentry"],"yoast_head":"<!-- This site is optimized with the Yoast SEO plugin v25.3.1 - https:\/\/yoast.com\/wordpress\/plugins\/seo\/ -->\n<title>Inicio - T\u00e9cnicos de Asesoria y Gesti\u00f3n S.L.<\/title>\n<meta name=\"description\" content=\"Transformamos desaf\u00edos empresariales en oportunidades de \u00e9xito. Soluciones estrat\u00e9gicas para tu \u00e9xito empresarial.\" \/>\n<meta name=\"robots\" content=\"index, follow, max-snippet:-1, max-image-preview:large, max-video-preview:-1\" \/>\n<link rel=\"canonical\" href=\"https:\/\/tecnages.com\/en\/\" \/>\n<meta property=\"og:locale\" content=\"en_US\" \/>\n<meta property=\"og:type\" content=\"article\" \/>\n<meta property=\"og:title\" content=\"Inicio - T\u00e9cnicos de Asesoria y Gesti\u00f3n S.L.\" \/>\n<meta property=\"og:description\" content=\"Transformamos desaf\u00edos empresariales en oportunidades de \u00e9xito. Soluciones estrat\u00e9gicas para tu \u00e9xito empresarial.\" \/>\n<meta property=\"og:url\" content=\"https:\/\/tecnages.com\/en\/\" \/>\n<meta property=\"og:site_name\" content=\"Tecnages\" \/>\n<meta property=\"article:modified_time\" content=\"2024-04-23T11:10:37+00:00\" \/>\n<meta name=\"twitter:card\" content=\"summary_large_image\" \/>\n<meta name=\"twitter:label1\" content=\"Est. reading time\" \/>\n\t<meta name=\"twitter:data1\" content=\"6 minutes\" \/>\n<script type=\"application\/ld+json\" class=\"yoast-schema-graph\">{\"@context\":\"https:\/\/schema.org\",\"@graph\":[{\"@type\":\"WebPage\",\"@id\":\"https:\/\/tecnages.com\/\",\"url\":\"https:\/\/tecnages.com\/\",\"name\":\"Inicio - T\u00e9cnicos de Asesoria y Gesti\u00f3n S.L.\",\"isPartOf\":{\"@id\":\"https:\/\/tecnages.com\/#website\"},\"datePublished\":\"2017-08-11T14:25:44+00:00\",\"dateModified\":\"2024-04-23T11:10:37+00:00\",\"description\":\"Transformamos desaf\u00edos empresariales en oportunidades de \u00e9xito. Soluciones estrat\u00e9gicas para tu \u00e9xito empresarial.\",\"breadcrumb\":{\"@id\":\"https:\/\/tecnages.com\/#breadcrumb\"},\"inLanguage\":\"en-US\",\"potentialAction\":[{\"@type\":\"ReadAction\",\"target\":[\"https:\/\/tecnages.com\/\"]}]},{\"@type\":\"BreadcrumbList\",\"@id\":\"https:\/\/tecnages.com\/#breadcrumb\",\"itemListElement\":[{\"@type\":\"ListItem\",\"position\":1,\"name\":\"Tecnagest\",\"item\":\"https:\/\/tecnages.com\/\"},{\"@type\":\"ListItem\",\"position\":2,\"name\":\"Inicio\"}]},{\"@type\":\"WebSite\",\"@id\":\"https:\/\/tecnages.com\/#website\",\"url\":\"https:\/\/tecnages.com\/\",\"name\":\"Tecnages\",\"description\":\"\",\"potentialAction\":[{\"@type\":\"SearchAction\",\"target\":{\"@type\":\"EntryPoint\",\"urlTemplate\":\"https:\/\/tecnages.com\/?s={search_term_string}\"},\"query-input\":{\"@type\":\"PropertyValueSpecification\",\"valueRequired\":true,\"valueName\":\"search_term_string\"}}],\"inLanguage\":\"en-US\"}]}<\/script>\n<!-- \/ Yoast SEO plugin. -->","yoast_head_json":{"title":"Inicio - T\u00e9cnicos de Asesoria y Gesti\u00f3n S.L.","description":"Transformamos desaf\u00edos empresariales en oportunidades de \u00e9xito. Soluciones estrat\u00e9gicas para tu \u00e9xito empresarial.","robots":{"index":"index","follow":"follow","max-snippet":"max-snippet:-1","max-image-preview":"max-image-preview:large","max-video-preview":"max-video-preview:-1"},"canonical":"https:\/\/tecnages.com\/en\/","og_locale":"en_US","og_type":"article","og_title":"Inicio - T\u00e9cnicos de Asesoria y Gesti\u00f3n S.L.","og_description":"Transformamos desaf\u00edos empresariales en oportunidades de \u00e9xito. Soluciones estrat\u00e9gicas para tu \u00e9xito empresarial.","og_url":"https:\/\/tecnages.com\/en\/","og_site_name":"Tecnages","article_modified_time":"2024-04-23T11:10:37+00:00","twitter_card":"summary_large_image","twitter_misc":{"Est. reading time":"6 minutes"},"schema":{"@context":"https:\/\/schema.org","@graph":[{"@type":"WebPage","@id":"https:\/\/tecnages.com\/","url":"https:\/\/tecnages.com\/","name":"Inicio - T\u00e9cnicos de Asesoria y Gesti\u00f3n S.L.","isPartOf":{"@id":"https:\/\/tecnages.com\/#website"},"datePublished":"2017-08-11T14:25:44+00:00","dateModified":"2024-04-23T11:10:37+00:00","description":"Transformamos desaf\u00edos empresariales en oportunidades de \u00e9xito. Soluciones estrat\u00e9gicas para tu \u00e9xito empresarial.","breadcrumb":{"@id":"https:\/\/tecnages.com\/#breadcrumb"},"inLanguage":"en-US","potentialAction":[{"@type":"ReadAction","target":["https:\/\/tecnages.com\/"]}]},{"@type":"BreadcrumbList","@id":"https:\/\/tecnages.com\/#breadcrumb","itemListElement":[{"@type":"ListItem","position":1,"name":"Tecnagest","item":"https:\/\/tecnages.com\/"},{"@type":"ListItem","position":2,"name":"Inicio"}]},{"@type":"WebSite","@id":"https:\/\/tecnages.com\/#website","url":"https:\/\/tecnages.com\/","name":"Tecnages","description":"","potentialAction":[{"@type":"SearchAction","target":{"@type":"EntryPoint","urlTemplate":"https:\/\/tecnages.com\/?s={search_term_string}"},"query-input":{"@type":"PropertyValueSpecification","valueRequired":true,"valueName":"search_term_string"}}],"inLanguage":"en-US"}]}},"_links":{"self":[{"href":"https:\/\/tecnages.com\/en\/wp-json\/wp\/v2\/pages\/2039","targetHints":{"allow":["GET"]}}],"collection":[{"href":"https:\/\/tecnages.com\/en\/wp-json\/wp\/v2\/pages"}],"about":[{"href":"https:\/\/tecnages.com\/en\/wp-json\/wp\/v2\/types\/page"}],"author":[{"embeddable":true,"href":"https:\/\/tecnages.com\/en\/wp-json\/wp\/v2\/users\/1"}],"replies":[{"embeddable":true,"href":"https:\/\/tecnages.com\/en\/wp-json\/wp\/v2\/comments?post=2039"}],"version-history":[{"count":5,"href":"https:\/\/tecnages.com\/en\/wp-json\/wp\/v2\/pages\/2039\/revisions"}],"predecessor-version":[{"id":5958,"href":"https:\/\/tecnages.com\/en\/wp-json\/wp\/v2\/pages\/2039\/revisions\/5958"}],"wp:attachment":[{"href":"https:\/\/tecnages.com\/en\/wp-json\/wp\/v2\/media?parent=2039"}],"curies":[{"name":"wp","href":"https:\/\/api.w.org\/{rel}","templated":true}]}}